{"id":248,"date":"2024-05-08T12:11:20","date_gmt":"2024-05-08T10:11:20","guid":{"rendered":"https:\/\/www.oleonova.it\/das-unternehmen\/"},"modified":"2024-08-02T09:42:07","modified_gmt":"2024-08-02T07:42:07","slug":"das-unternehmen","status":"publish","type":"page","link":"https:\/\/www.oleonova.it\/de\/das-unternehmen\/","title":{"rendered":"Das Unternehmen"},"content":{"rendered":"\n<div class=\"wp-block-media-text is-stacked-on-mobile is-image-fill\"><figure class=\"wp-block-media-text__media\" style=\"background-image:url(https:\/\/www.oleonova.it\/wp-content\/uploads\/2024\/07\/oleonova-blocco-1.jpg);background-position:50% 50%\"><img loading=\"lazy\" decoding=\"async\" width=\"500\" height=\"331\" src=\"https:\/\/www.oleonova.it\/wp-content\/uploads\/2024\/07\/oleonova-blocco-1.jpg\" alt=\"\" class=\"wp-image-67 size-full\" srcset=\"https:\/\/www.oleonova.it\/wp-content\/uploads\/2024\/07\/oleonova-blocco-1.jpg 500w, https:\/\/www.oleonova.it\/wp-content\/uploads\/2024\/07\/oleonova-blocco-1-300x199.jpg 300w\" sizes=\"auto, (max-width: 500px) 100vw, 500px\" \/><\/figure><div class=\"wp-block-media-text__content\">\n<h3 class=\"wp-block-heading\">Ma\u00dfgeschneiderte \u00d6ldynamische Zylinder<\/h3>\n\n\n\n<h2 class=\"wp-block-heading\">Exzellenz in diesem Bereich<\/h2>\n\n\n\n<p>Seit mehr als 40 Jahren zeichnet sich Oleonova durch die Entwicklung und Herstellung von \u00f6ldynamischen Zylindern von au\u00dfergew\u00f6hnlicher Qualit\u00e4t und Gr\u00f6\u00dfe aus. Dank des Willens und des Unternehmertums der Inhaber Franco Bedoni und Claudio Golinelli gegr\u00fcndet, ist Oleonova heute ein Referenzunternehmen in der nationalen und internationalen \u00d6ldynamik.<\/p>\n\n\n\n<p>Oleonova ist auf die Herstellung von gro\u00dfen, nach Kundenwunsch gefertigten \u00d6lzylindern spezialisiert. Unsere Kompetenz deckt ein breites Anwendungsspektrum ab, darunter:<\/p>\n<\/div><\/div>\n\n<div class=\"wp-block-media-text has-media-on-the-right is-stacked-on-mobile is-image-fill\"><div class=\"wp-block-media-text__content\">\n<h3 class=\"wp-block-heading\">Pr\u00e4zision und Vielseitigkeit<\/h3>\n\n\n\n<h2 class=\"wp-block-heading\">Qualit\u00e4t und Pr\u00e4zision<\/h2>\n\n\n\n<p>Das Unternehmen hat sich einen guten Ruf durch die Entwicklung und Herstellung von ma\u00dfgeschneiderten \u00d6l-Dynamik-Zylindern aufgebaut. Mit einer unvergleichlichen Konstruktions- und Ausf\u00fchrungsqualit\u00e4t positioniert sich Oleonova als bedeutender Protagonist im Bereich der mittelgro\u00dfen und gro\u00dfen \u00d6l-Dynamik-Zylinder. Wir sind in der Lage, Zylinder mit Bohrungen bis zu 1000 mm Durchmesser und L\u00e4nge bis zu 12000 mm herzustellen.<\/p>\n<\/div><figure class=\"wp-block-media-text__media\" style=\"background-image:url(https:\/\/www.oleonova.it\/wp-content\/uploads\/2024\/07\/oleonova-blocco-2.jpg);background-position:50% 50%\"><img loading=\"lazy\" decoding=\"async\" width=\"500\" height=\"331\" src=\"https:\/\/www.oleonova.it\/wp-content\/uploads\/2024\/07\/oleonova-blocco-2.jpg\" alt=\"\" class=\"wp-image-70 size-full\" srcset=\"https:\/\/www.oleonova.it\/wp-content\/uploads\/2024\/07\/oleonova-blocco-2.jpg 500w, https:\/\/www.oleonova.it\/wp-content\/uploads\/2024\/07\/oleonova-blocco-2-300x199.jpg 300w\" sizes=\"auto, (max-width: 500px) 100vw, 500px\" \/><\/figure><\/div>\n","protected":false},"excerpt":{"rendered":"<p>Ma\u00dfgeschneiderte \u00d6ldynamische Zylinder Exzellenz in diesem Bereich Seit mehr als 40 Jahren zeichnet sich Oleonova durch die Entwicklung und Herstellung&#8230;<\/p>\n","protected":false},"author":1,"featured_media":0,"parent":0,"menu_order":0,"comment_status":"closed","ping_status":"closed","template":"page-templates\/page-azienda.php","meta":{"_acf_changed":false,"footnotes":""},"class_list":["post-248","page","type-page","status-publish","hentry"],"acf":[],"_links":{"self":[{"href":"https:\/\/www.oleonova.it\/de\/wp-json\/wp\/v2\/pages\/248","targetHints":{"allow":["GET"]}}],"collection":[{"href":"https:\/\/www.oleonova.it\/de\/wp-json\/wp\/v2\/pages"}],"about":[{"href":"https:\/\/www.oleonova.it\/de\/wp-json\/wp\/v2\/types\/page"}],"author":[{"embeddable":true,"href":"https:\/\/www.oleonova.it\/de\/wp-json\/wp\/v2\/users\/1"}],"replies":[{"embeddable":true,"href":"https:\/\/www.oleonova.it\/de\/wp-json\/wp\/v2\/comments?post=248"}],"version-history":[{"count":3,"href":"https:\/\/www.oleonova.it\/de\/wp-json\/wp\/v2\/pages\/248\/revisions"}],"predecessor-version":[{"id":265,"href":"https:\/\/www.oleonova.it\/de\/wp-json\/wp\/v2\/pages\/248\/revisions\/265"}],"wp:attachment":[{"href":"https:\/\/www.oleonova.it\/de\/wp-json\/wp\/v2\/media?parent=248"}],"curies":[{"name":"wp","href":"https:\/\/api.w.org\/{rel}","templated":true}]}}